{"id":44,"date":"2017-06-06T08:35:36","date_gmt":"2017-06-06T08:35:36","guid":{"rendered":"http:\/\/spab-rice.com\/wordpress\/noha\/demo\/?page_id=2"},"modified":"2021-10-16T17:04:35","modified_gmt":"2021-10-16T17:04:35","slug":"home","status":"publish","type":"page","link":"https:\/\/yanopuedotrabajar.com\/","title":{"rendered":"Ya no puedo trabajar | Consigue tu pensi\u00f3n por incapacidad"},"content":{"rendered":"<div id=\"videos-anteriores\" class=\"fullwidth-section text-light\" style=\"background-color:#000000\"><div class=\"fullwidth-content\" style=\"padding-top:20px;padding-bottom:20px;\"><div class=\"wrapper-big\"><div id=\"\" class=\"column-section clearfix spaced-normal  no-anim\"><div  class=\"column one-fourth   no-anim\" ><\/div><div  class=\"column two-fourth   no-anim\" >\n<h1 style=\"text-align: center;\">YA NO PUEDO TRABAJAR<\/h1>\n<p style=\"text-align: center;\">Es hora de poner voz a todas esas <strong>personas que sufren problemas de salud que les impide trabajar<\/strong> con normalidad en su profesi\u00f3n habitual. Ante la adversidad se atrevieron a luchar por lo que les corresponde por derecho, una<strong> vida de calidad<\/strong>.<\/p>\n<\/div><div  class=\"column one-fourth last-col  no-anim\" ><\/div><\/div><\/div><\/div><\/div><div id=\"videos-anteriores\" class=\"fullwidth-section text-light\" style=\"background-color:#000000\"><div class=\"fullwidth-content\" style=\"padding-top:100px;padding-bottom:100px;\"><div class=\"wrapper\"><\/div><div id=\"portfolio-grid1\" class=\"isotope-grid isotope-spaced-huge style-column-3 text-light portfolio-container\"  data-ratio=\"1:1\">\n    <div class=\"isotope-item portfolio-item normal cat-43  item-646\">\n        <div class=\"portfolio-item-inner item-inner do-anim\">\n            <a href=\"https:\/\/yanopuedotrabajar.com\/?portfolio=incapacidad-permanente-lumbociatica\" class=\"thumb-hover overlay-color text-light scale\"  >\n                <img src=\"https:\/\/yanopuedotrabajar.com\/wp-content\/uploads\/2019\/03\/testimonio-incapacidad-permanente-jose-daniel.jpg\" srcset=\"https:\/\/yanopuedotrabajar.com\/wp-content\/uploads\/2019\/03\/testimonio-incapacidad-permanente-jose-daniel.jpg 800w,https:\/\/yanopuedotrabajar.com\/wp-content\/uploads\/2019\/03\/testimonio-incapacidad-permanente-jose-daniel-640x640.jpg 640w\" sizes=\"(max-width: 800px) 100vw, 800px\" width=\"800\" height=\"800\" alt=\"Testimonio incapacidad permanente Jose Daniel\" \/>                \n                                \n                                <div class=\"overlay-caption overlay-caption bottom align-center hidden\">\n                    <span class=\"caption-sub portfolio-category \"><\/span>                    <h3 class=\"caption-name portfolio-name h2\">TESTIMONIO REAL Incapacidad permanente por hernia discal<\/h3>\n                <\/div>\n                            <\/a>\n                    <\/div>\n    <\/div>\n    <div class=\"isotope-item portfolio-item normal cat-43  item-648\">\n        <div class=\"portfolio-item-inner item-inner do-anim\">\n            <a href=\"https:\/\/yanopuedotrabajar.com\/?portfolio=incapacidad-permanente-artrosis\" class=\"thumb-hover overlay-color text-light scale\"  >\n                <img src=\"https:\/\/yanopuedotrabajar.com\/wp-content\/uploads\/2019\/03\/testimonio-incapacidad-permanente-jose-luis.jpg\" srcset=\"https:\/\/yanopuedotrabajar.com\/wp-content\/uploads\/2019\/03\/testimonio-incapacidad-permanente-jose-luis.jpg 800w,https:\/\/yanopuedotrabajar.com\/wp-content\/uploads\/2019\/03\/testimonio-incapacidad-permanente-jose-luis-640x640.jpg 640w\" sizes=\"(max-width: 800px) 100vw, 800px\" width=\"800\" height=\"800\" alt=\"Testimonio incapacidad permanente Jose Luis\" \/>                \n                                \n                                <div class=\"overlay-caption overlay-caption bottom align-center hidden\">\n                    <span class=\"caption-sub portfolio-category \"><\/span>                    <h3 class=\"caption-name portfolio-name h2\">TESTIMONIO REAL Incapacidad permanente por artrosis rodilla<\/h3>\n                <\/div>\n                            <\/a>\n                    <\/div>\n    <\/div>\n    <div class=\"isotope-item portfolio-item normal cat-43  item-647\">\n        <div class=\"portfolio-item-inner item-inner do-anim\">\n            <a href=\"https:\/\/yanopuedotrabajar.com\/?portfolio=incapacidad-permanente-rotura-rodilla\" class=\"thumb-hover overlay-color text-light scale\"  >\n                <img src=\"https:\/\/yanopuedotrabajar.com\/wp-content\/uploads\/2019\/02\/testimonio-incapacidad-permanente-accidente-laboral-jose-manuel.jpg\" srcset=\"https:\/\/yanopuedotrabajar.com\/wp-content\/uploads\/2019\/02\/testimonio-incapacidad-permanente-accidente-laboral-jose-manuel.jpg 800w,https:\/\/yanopuedotrabajar.com\/wp-content\/uploads\/2019\/02\/testimonio-incapacidad-permanente-accidente-laboral-jose-manuel-640x640.jpg 640w\" sizes=\"(max-width: 800px) 100vw, 800px\" width=\"800\" height=\"800\" alt=\"Testimonio incapacidad permanente accidente laboral Jose Manuel\" \/>                \n                                \n                                <div class=\"overlay-caption overlay-caption bottom align-center hidden\">\n                    <span class=\"caption-sub portfolio-category \"><\/span>                    <h3 class=\"caption-name portfolio-name h2\">TESTIMONIO REAL Incapacidad permanente por accidente laboral<\/h3>\n                <\/div>\n                            <\/a>\n                    <\/div>\n    <\/div>\n    <div class=\"isotope-item portfolio-item normal cat-43  item-645\">\n        <div class=\"portfolio-item-inner item-inner do-anim\">\n            <a href=\"https:\/\/yanopuedotrabajar.com\/?portfolio=incapacidad-permanente-total\" class=\"thumb-hover overlay-color text-light scale\"  >\n                <img src=\"https:\/\/yanopuedotrabajar.com\/wp-content\/uploads\/2019\/02\/testimonio-incapacidad-permanente-soledad.jpg\" srcset=\"https:\/\/yanopuedotrabajar.com\/wp-content\/uploads\/2019\/02\/testimonio-incapacidad-permanente-soledad.jpg 800w,https:\/\/yanopuedotrabajar.com\/wp-content\/uploads\/2019\/02\/testimonio-incapacidad-permanente-soledad-640x640.jpg 640w\" sizes=\"(max-width: 800px) 100vw, 800px\" width=\"800\" height=\"800\" alt=\"Testimonio Incapacidad Permanente\" \/>                \n                                \n                                <div class=\"overlay-caption overlay-caption bottom align-center hidden\">\n                    <span class=\"caption-sub portfolio-category \"><\/span>                    <h3 class=\"caption-name portfolio-name h2\">TESTIMONIO REAL Incapacidad permanente<\/h3>\n                <\/div>\n                            <\/a>\n                    <\/div>\n    <\/div>\n    <div class=\"isotope-item portfolio-item normal cat-43  item-641\">\n        <div class=\"portfolio-item-inner item-inner do-anim\">\n            <a href=\"https:\/\/yanopuedotrabajar.com\/?portfolio=incapacidad-permanente-problemas-cardiorespiratorios\" class=\"thumb-hover overlay-color text-light scale\"  >\n                <img src=\"https:\/\/yanopuedotrabajar.com\/wp-content\/uploads\/2019\/02\/testimonio-incapacidad-permanente-antonio.jpg\" srcset=\"https:\/\/yanopuedotrabajar.com\/wp-content\/uploads\/2019\/02\/testimonio-incapacidad-permanente-antonio.jpg 800w,https:\/\/yanopuedotrabajar.com\/wp-content\/uploads\/2019\/02\/testimonio-incapacidad-permanente-antonio-640x640.jpg 640w\" sizes=\"(max-width: 800px) 100vw, 800px\" width=\"800\" height=\"800\" alt=\"Testimonio incapacidad permanente Antonio\" \/>                \n                                \n                                <div class=\"overlay-caption overlay-caption bottom align-center hidden\">\n                    <span class=\"caption-sub portfolio-category \"><\/span>                    <h3 class=\"caption-name portfolio-name h2\">TESTIMONIO REAL Incapacidad permanente por cardiopatia<\/h3>\n                <\/div>\n                            <\/a>\n                    <\/div>\n    <\/div>\n    <div class=\"isotope-item portfolio-item normal cat-43  item-625\">\n        <div class=\"portfolio-item-inner item-inner do-anim\">\n            <a href=\"https:\/\/yanopuedotrabajar.com\/?portfolio=incapacidad-permanente-tendinopatia\" class=\"thumb-hover overlay-color text-light scale\"  >\n                <img src=\"https:\/\/yanopuedotrabajar.com\/wp-content\/uploads\/2019\/02\/testimonio-incapacidad-permanente-yolanda.jpg\" srcset=\"https:\/\/yanopuedotrabajar.com\/wp-content\/uploads\/2019\/02\/testimonio-incapacidad-permanente-yolanda.jpg 800w,https:\/\/yanopuedotrabajar.com\/wp-content\/uploads\/2019\/02\/testimonio-incapacidad-permanente-yolanda-640x640.jpg 640w\" sizes=\"(max-width: 800px) 100vw, 800px\" width=\"800\" height=\"800\" alt=\"Teestimonio incapacidad permanente Yolanda\" \/>                \n                                \n                                <div class=\"overlay-caption overlay-caption bottom align-center hidden\">\n                    <span class=\"caption-sub portfolio-category \"><\/span>                    <h3 class=\"caption-name portfolio-name h2\">TESTIMONIO REAL Incapacidad permanente por tendinitis<\/h3>\n                <\/div>\n                            <\/a>\n                    <\/div>\n    <\/div><\/div><div class=\"spacer spacer-big \"><\/div><div class=\"wrapper-big\"><div id=\"\" class=\"column-section clearfix spaced-normal  no-anim\"><div  class=\"column one-fourth   no-anim\" ><\/div><div  class=\"column two-fourth   no-anim\" >\n<p style=\"text-align: center;\"><a href=\"\/\/www.youtube.com\/embed\/https:\/\/www.youtube.com\/playlist?list=PLp7jL6Va06TY7JraSVnQLhYZFAs2XSUv1\" class=\"sr-button style-2 button-big\" data-rel=\"lightcase\">QUIERO VER M\u00c1S TESTIMONIOS REALES SOBRE INCAPACIDAD<\/a><\/p>\n<div class=\"spacer spacer-big \"><\/div>\n<p style=\"text-align: center;\"><iframe loading=\"lazy\" src=\"https:\/\/www.youtube.com\/embed\/kiOAeFmZLNg\" width=\"560\" height=\"315\" frameborder=\"0\" allowfullscreen=\"allowfullscreen\"><\/iframe><\/p>\n<\/div><div  class=\"column one-fourth last-col  no-anim\" ><\/div><\/div><\/div><\/div><\/div><div id=\"cta-before-contacto\" class=\"fullwidth-section text-light\" style=\"background-color:#333333\"><div class=\"fullwidth-content\" style=\"padding-top:30px;padding-bottom:30px;\"><div class=\"no-wrapper\"><div id=\"\" class=\"column-section clearfix spaced-normal  no-anim\"><div  class=\"column one-full last-col  no-anim\" >\n<p style=\"text-align: center;\">Puede que t\u00fa tambi\u00e9n tengas derecho a una\u00a0<strong>pensi\u00f3n por incapacidad laboral.<\/strong><\/p>\n<p style=\"text-align: center;\">Solicita informaci\u00f3n a trav\u00e9s de este formulario o si lo prefieres, ll\u00e1manos al<\/p>\n<h2 style=\"text-align: center; font-size: 60px;\"><a href=\"tel:985220905\">985 220 905<\/a><\/h2>\n<div class=\"spacer spacer-medium \"><\/div><\/div><\/div><\/div><div class=\"no-wrapper\"><div id=\"\" class=\"column-section clearfix spaced-normal  no-anim\"><div  class=\"column one-third   no-anim\" ><\/div><div  class=\"column one-third   no-anim\" >\n<div role=\"form\" class=\"wpcf7\" id=\"wpcf7-f313-o1\" lang=\"es-ES\" dir=\"ltr\">\n<div class=\"screen-reader-response\"><\/div>\n<form name=\"contacto\" action=\"\/index.php?rest_route=%2Fwp%2Fv2%2Fpages%2F44#wpcf7-f313-o1\" method=\"post\" class=\"wpcf7-form\" novalidate=\"novalidate\">\n<div style=\"display: none;\">\n<input type=\"hidden\" name=\"_wpcf7\" value=\"313\" \/>\n<input type=\"hidden\" name=\"_wpcf7_version\" value=\"5.1.4\" \/>\n<input type=\"hidden\" name=\"_wpcf7_locale\" value=\"es_ES\" \/>\n<input type=\"hidden\" name=\"_wpcf7_unit_tag\" value=\"wpcf7-f313-o1\" \/>\n<input type=\"hidden\" name=\"_wpcf7_container_post\" value=\"0\" \/>\n<\/div>\n<div class=\"campo\"><span class=\"wpcf7-form-control-wrap nombre\"><input type=\"text\" name=\"nombre\" value=\"\" size=\"40\" class=\"wpcf7-form-control wpcf7-text wpcf7-validates-as-required\" aria-required=\"true\" aria-invalid=\"false\" placeholder=\"Nombre\" \/><\/span><\/div>\n<div class=\"campo\"><span class=\"wpcf7-form-control-wrap apellidos\"><input type=\"text\" name=\"apellidos\" value=\"\" size=\"40\" class=\"wpcf7-form-control wpcf7-text wpcf7-validates-as-required\" aria-required=\"true\" aria-invalid=\"false\" placeholder=\"Apellidos\" \/><\/span><\/div>\n<div class=\"campo\"><span class=\"wpcf7-form-control-wrap telefono\"><input type=\"tel\" name=\"telefono\" value=\"\" size=\"40\" class=\"wpcf7-form-control wpcf7-text wpcf7-tel wpcf7-validates-as-required wpcf7-validates-as-tel\" aria-required=\"true\" aria-invalid=\"false\" placeholder=\"Tel\u00e9fono\" \/><\/span><\/div>\n<div class=\"campo\"><span class=\"wpcf7-form-control-wrap email\"><input type=\"email\" name=\"email\" value=\"\" size=\"40\" class=\"wpcf7-form-control wpcf7-text wpcf7-email wpcf7-validates-as-required wpcf7-validates-as-email\" aria-required=\"true\" aria-invalid=\"false\" placeholder=\"E-mail\" \/><\/span><\/div>\n<p><span class=\"wpcf7-form-control-wrap aceptacion\"><span class=\"wpcf7-form-control wpcf7-acceptance\"><span class=\"wpcf7-list-item\"><input type=\"checkbox\" name=\"aceptacion\" value=\"1\" aria-invalid=\"false\" \/><\/span><\/span><\/span>He le\u00eddo y acepto las <a target=\"_blank\" href=\"https:\/\/velazquezyvilla.es\/politica-de-privacidad\/\">condiciones de privacidad<\/a><\/p>\n<p><input type=\"submit\" value=\"Enviar\" class=\"wpcf7-form-control wpcf7-submit\" \/><\/p>\n<p style=\"display: none !important;\"><label>&#916;<textarea name=\"_wpcf7_ak_hp_textarea\" cols=\"45\" rows=\"8\" maxlength=\"100\"><\/textarea><\/label><input type=\"hidden\" id=\"ak_js_1\" name=\"_wpcf7_ak_js\" value=\"121\"\/><script>document.getElementById( \"ak_js_1\" ).setAttribute( \"value\", ( new Date() ).getTime() );<\/script><\/p><div class=\"wpcf7-response-output wpcf7-display-none\"><\/div><\/form><\/div>\n<\/div><div  class=\"column one-third last-col  no-anim\" ><\/div><\/div><\/div><\/div><\/div><div id=\"iniciativa\" class=\"fullwidth-section text-light\" style=\"background-color:#1a1a1a\"><div class=\"fullwidth-content\" style=\"padding-top:50px;padding-bottom:50px;\"><div class=\"no-wrapper\"><div id=\"\" class=\"column-section clearfix spaced-normal CENTER no-anim\"><div  class=\"column one-fourth   no-anim\" ><\/div><div  class=\"column two-fourth   no-anim\" >\n<p style=\"text-align: center;\">YANOPUEDOTRABAJAR.COM ES UNA INICIATIVA SOCIAL DE<\/p>\n<p><img decoding=\"async\" loading=\"lazy\" class=\"size-medium wp-image-4167 aligncenter\" src=\"https:\/\/yanopuedotrabajar.com\/wp-content\/uploads\/2021\/10\/CONJUNTO-LOGOS-1_preview_rev_1-300x179.png\" alt=\"\" width=\"300\" height=\"179\" srcset=\"https:\/\/yanopuedotrabajar.com\/wp-content\/uploads\/2021\/10\/CONJUNTO-LOGOS-1_preview_rev_1-300x179.png 300w, https:\/\/yanopuedotrabajar.com\/wp-content\/uploads\/2021\/10\/CONJUNTO-LOGOS-1_preview_rev_1-640x383.png 640w, https:\/\/yanopuedotrabajar.com\/wp-content\/uploads\/2021\/10\/CONJUNTO-LOGOS-1_preview_rev_1.png 647w\" sizes=\"(max-width: 300px) 100vw, 300px\" \/><\/p>\n<div class=\"spacer spacer-mini \"><\/div>\n<p style=\"text-align: center;\"><a href=\"https:\/\/velazquezyvilla.es\/\">Velazquez&amp;Villa Abogados<\/a><\/p>\n<p style=\"text-align: center;\">Ur\u00eda 40, 2\u00ba_Dcha<\/p>\n<p style=\"text-align: center;\">\u00a0 \u00a0Oviedo 33003 (Asturias)<\/p>\n<p style=\"text-align: center;\">T.\u00a0<a href=\"tel:985220905\">985 220 905<\/a>\u00a0\u00b7 Fax 985 209 648<br \/>\n<a href=\"mailto:info@velazquezyvilla.es\">Env\u00edanos un email<\/a><\/p>\n<\/div><div  class=\"column one-fourth last-col  no-anim\" ><\/div><\/div><\/div><div class=\"spacer spacer-small \"><\/div><\/div><\/div><div id=\"newsletter\" class=\"fullwidth-section parallax-section text-light\" data-parallax-image=\"https:\/\/yanopuedotrabajar.com\/wp-content\/uploads\/2017\/09\/fondo.png\"><div class=\"fullwidth-content\" style=\"padding-top:90px;padding-bottom:90px;\"><div class=\"no-wrapper\"><div id=\"\" class=\"column-section clearfix spaced-normal  no-anim\"><div  class=\"column one-fourth   no-anim\" ><\/div><div  class=\"column two-fourth   no-anim\" >\n<h3 style=\"text-align: center;\">Ap\u00fantate a nuestra NEWSLETTER.<\/h3>\n<p style=\"text-align: center;\">Enterarte el primero de todas nuestras novedades, casos reales, testimonios y, mucho m\u00e1s, es gratis y no te tomar\u00e1 m\u00e1s de 1 minuto. \u00a1Rellena el siguiente formulario y tendr\u00e1s lo mejor de nosotros en tu bandeja de entrada!<\/p>\n<p style=\"text-align: center;\">\u00a1Tus datos est\u00e1n a salvo con nosotros!<br \/>\nPuedes estar tranquilo, no los compartiremos con nadie ni los utilizaremos para otros fines.<\/p>\n<div class=\"spacer spacer-mini \"><\/div>\n<p style=\"text-align: center;\"><div role=\"form\" class=\"wpcf7\" id=\"wpcf7-f312-o2\" lang=\"es-ES\" dir=\"ltr\">\n<div class=\"screen-reader-response\"><\/div>\n<form name=\"email\" action=\"\/index.php?rest_route=%2Fwp%2Fv2%2Fpages%2F44#wpcf7-f312-o2\" method=\"post\" class=\"wpcf7-form\" novalidate=\"novalidate\">\n<div style=\"display: none;\">\n<input type=\"hidden\" name=\"_wpcf7\" value=\"312\" \/>\n<input type=\"hidden\" name=\"_wpcf7_version\" value=\"5.1.4\" \/>\n<input type=\"hidden\" name=\"_wpcf7_locale\" value=\"es_ES\" \/>\n<input type=\"hidden\" name=\"_wpcf7_unit_tag\" value=\"wpcf7-f312-o2\" \/>\n<input type=\"hidden\" name=\"_wpcf7_container_post\" value=\"0\" \/>\n<\/div>\n<p><label><span class=\"wpcf7-form-control-wrap email\"><input type=\"email\" name=\"email\" value=\"\" size=\"40\" class=\"wpcf7-form-control wpcf7-text wpcf7-email wpcf7-validates-as-required wpcf7-validates-as-email\" aria-required=\"true\" aria-invalid=\"false\" placeholder=\"email\" \/><\/span><\/label><input type=\"submit\" value=\"Enviar\" class=\"wpcf7-form-control wpcf7-submit\" \/><br \/>\n<span class=\"wpcf7-form-control-wrap aceptacion\"><span class=\"wpcf7-form-control wpcf7-acceptance\"><span class=\"wpcf7-list-item\"><input type=\"checkbox\" name=\"aceptacion\" value=\"1\" aria-invalid=\"false\" \/><\/span><\/span><\/span>He le\u00eddo y acepto las <a target=\"_blank\" href=\"https:\/\/velazquezyvilla.es\/politica-de-privacidad\/\">condiciones de privacidad<\/a><\/p>\n<p style=\"display: none !important;\"><label>&#916;<textarea name=\"_wpcf7_ak_hp_textarea\" cols=\"45\" rows=\"8\" maxlength=\"100\"><\/textarea><\/label><input type=\"hidden\" id=\"ak_js_2\" name=\"_wpcf7_ak_js\" value=\"119\"\/><script>document.getElementById( \"ak_js_2\" ).setAttribute( \"value\", ( new Date() ).getTime() );<\/script><\/p><div class=\"wpcf7-response-output wpcf7-display-none\"><\/div><\/form><\/div><\/p>\n<\/div><div  class=\"column one-fourth last-col  no-anim\" ><\/div><\/div><\/div><\/div><\/div>\n","protected":false},"excerpt":{"rendered":"","protected":false},"author":1,"featured_media":0,"parent":0,"menu_order":0,"comment_status":"closed","ping_status":"closed","template":"","meta":[],"_links":{"self":[{"href":"https:\/\/yanopuedotrabajar.com\/index.php?rest_route=\/wp\/v2\/pages\/44"}],"collection":[{"href":"https:\/\/yanopuedotrabajar.com\/index.php?rest_route=\/wp\/v2\/pages"}],"about":[{"href":"https:\/\/yanopuedotrabajar.com\/index.php?rest_route=\/wp\/v2\/types\/page"}],"author":[{"embeddable":true,"href":"https:\/\/yanopuedotrabajar.com\/index.php?rest_route=\/wp\/v2\/users\/1"}],"replies":[{"embeddable":true,"href":"https:\/\/yanopuedotrabajar.com\/index.php?rest_route=%2Fwp%2Fv2%2Fcomments&post=44"}],"version-history":[{"count":102,"href":"https:\/\/yanopuedotrabajar.com\/index.php?rest_route=\/wp\/v2\/pages\/44\/revisions"}],"predecessor-version":[{"id":4171,"href":"https:\/\/yanopuedotrabajar.com\/index.php?rest_route=\/wp\/v2\/pages\/44\/revisions\/4171"}],"wp:attachment":[{"href":"https:\/\/yanopuedotrabajar.com\/index.php?rest_route=%2Fwp%2Fv2%2Fmedia&parent=44"}],"curies":[{"name":"wp","href":"https:\/\/api.w.org\/{rel}","templated":true}]}}